{"id":133,"date":"2016-05-12T23:16:10","date_gmt":"2016-05-12T21:16:10","guid":{"rendered":"http:\/\/localhost\/wordpress\/?page_id=133"},"modified":"2025-09-25T10:28:08","modified_gmt":"2025-09-25T08:28:08","slug":"1-mannschaft","status":"publish","type":"page","link":"https:\/\/www.concordia-beuren.de\/index.php\/abteilungen-2\/1-mannschaft\/","title":{"rendered":"Fu\u00dfball"},"content":{"rendered":"\n<div style=\"height:50px\" aria-hidden=\"true\" class=\"wp-block-spacer\"><\/div>\n\n\n<div class=\"wp-block-image\">\n<figure class=\"aligncenter size-full\"><img loading=\"lazy\" decoding=\"async\" width=\"1024\" height=\"480\" src=\"http:\/\/www.concordia-beuren.de\/wp-content\/uploads\/2025\/09\/Fussball.png\" alt=\"\" class=\"wp-image-3746\" srcset=\"https:\/\/www.concordia-beuren.de\/wp-content\/uploads\/2025\/09\/Fussball.png 1024w, https:\/\/www.concordia-beuren.de\/wp-content\/uploads\/2025\/09\/Fussball-300x141.png 300w, https:\/\/www.concordia-beuren.de\/wp-content\/uploads\/2025\/09\/Fussball-150x70.png 150w\" sizes=\"auto, (max-width: 1024px) 100vw, 1024px\" \/><\/figure>\n<\/div>\n\n\n<div style=\"height:50px\" aria-hidden=\"true\" class=\"wp-block-spacer\"><\/div>\n\n\n\n<p class=\"has-medium-font-size\">Die Abteilung Fu\u00dfball ist die zahlenm\u00e4\u00dfig st\u00e4rkste unseres Sportvereins &#8222;Concordia&#8220;. Zur Zeit haben wir im M\u00e4nnerbereich 2 Mannschaften, unsere 1. Mannschaft und die &#8222;Alten Herren&#8220;. Die Alten Herren bestreiten allerdings nur Freundschaftsspiele.<\/p>\n\n\n\n<p class=\"has-medium-font-size\">Im Nachwuchsbereich bilden wir seit 2017 zusammen mit den Vereinen aus Bodenrode, Reinholterode, Steinbach und Wingerode eine Jugendspielgemeinschaft. Dabei wurde die JSG 2017 Leinetal als eigenst\u00e4ndiger Verein gegr\u00fcndet. <br>Verantwortlich f\u00fcr die Nachwuchsarbeit, ist seit 2025 der Sportfreund Hardy Keppler.<\/p>\n\n\n\n<p class=\"has-text-align-left has-medium-font-size\">Seit der Saison 2025\/26 bilden wir zusammen mit dem DJK SV 1920 Elfrieda Kallmerode und der SG Steinbach eine Spielgemeinschaft. <br><br>Haupt\u00fcbungsleiter ist Enrico Stephani.<br><br>Aktuell spielt unsere Spielgemeinschaft in der Kreisliga Staffel 1 des KFA Eichsfeld-Unstrut-Hainich.<\/p>\n\n\n\n<p class=\"has-medium-font-size\">Schiedsrichter unseres Vereins sind die Sportfreunde Christian M\u00fcller, er ist f\u00fcr die Kreisoberliga eingestuft und pfeift seit 1997 f\u00fcr den SV Concordia sowie Klaus Schl\u00f6gel, er pfeift seit 2020 f\u00fcr den Verein und leitet Spiele in der Kreisliga und seit 2025 unseren Nachwuchs Noah K\u00f6nig, er leitet Spiele im Jugendbereich.<\/p>\n\n\n\n<div style=\"height:40px\" aria-hidden=\"true\" class=\"wp-block-spacer\"><\/div>\n\n\n\n<p class=\"has-medium-font-size\"><strong>Abteilungsleiter Fu\u00dfball:<\/strong><\/p>\n\n\n\n<p class=\"has-medium-font-size\"><strong>Christoph Osburg<\/strong><br>Kaiserstr. 9<br>37327 Leinefelde &#8211; Worbis, OT Beuren<br>Telefon: +49160 7757808<br>E-Mail: christoph.osburg@freenet.de<\/p>\n\n\n\n<div style=\"height:40px\" aria-hidden=\"true\" class=\"wp-block-spacer\"><\/div>\n\n\n\n<p class=\"has-medium-font-size\"><strong>Ansprechpartner Nachwuchs:<\/strong><\/p>\n\n\n\n<p class=\"has-medium-font-size\"><strong>Hardy Keppler<\/strong><br><\/p>\n\n\n\n<div style=\"height:50px\" aria-hidden=\"true\" class=\"wp-block-spacer\"><\/div>\n\n\n<div class=\"fussballde_widget include-fussball-de-widgets\"  data-id=\"52c2f20d-e4d9-479f-99fd-86edff360206\"  data-type=\"team-matches\"><\/div>\n\n\n\n<div style=\"height:100px\" aria-hidden=\"true\" class=\"wp-block-spacer\"><\/div>\n\n\n<div class=\"fussballde_widget include-fussball-de-widgets\"  data-id=\"fd54d7cf-279a-4270-9f40-6d61a51460ec\"  data-type=\"table\"><\/div>\n\n\n\n<div style=\"height:40px\" aria-hidden=\"true\" class=\"wp-block-spacer\"><\/div>\n\n\n\n<div class=\"wp-block-buttons is-content-justification-center is-layout-flex wp-container-core-buttons-is-layout-16018d1d wp-block-buttons-is-layout-flex\">\n<div class=\"wp-block-button\"><a class=\"wp-block-button__link has-text-align-center wp-element-button\" href=\"https:\/\/next.fussball.de\/mannschaft\/-\/011MIBIAHO000000VTVG0001VTR8C1K7#beitraege\">Hier findet Ihr weitere Ergebnisse und Informationen zu unserer Spielgemeinschaft<\/a><\/div>\n<\/div>\n\n\n\n<div style=\"height:40px\" aria-hidden=\"true\" class=\"wp-block-spacer\"><\/div>\n\n\n\n<p class=\"has-medium-font-size\">Unseren Sportplatz erreicht man \u00fcber die L3080 Abfahrt Weidengraben (ausgeschildert) Richtung Hirttor. Er verf\u00fcgt \u00fcber ausreichend Parkm\u00f6glichkeiten. Unser Platz- und Zeugwart Denny Englert ist seit 2023 verantwortlich f\u00fcr den Platzaufbau, das Spielmaterial und die Pflege des Rasens. F\u00fcr die Pflege und Reinigung unseres neuen Vereinsgeb\u00e4udes ist Claudia Englert verantwortlich.<\/p>\n","protected":false},"excerpt":{"rendered":"<p>Die Abteilung Fu\u00dfball ist die zahlenm\u00e4\u00dfig st\u00e4rkste unseres Sportvereins &#8222;Concordia&#8220;. Zur Zeit haben wir im M\u00e4nnerbereich 2 Mannschaften, unsere 1. Mannschaft und die &#8222;Alten Herren&#8220;. Die Alten Herren bestreiten allerdings nur Freundschaftsspiele. Im Nachwuchsbereich bilden wir seit 2017 zusammen mit den Vereinen aus Bodenrode, Reinholterode, Steinbach und Wingerode eine Jugendspielgemeinschaft. Dabei wurde die JSG 2017&#8230;<\/p>\n","protected":false},"author":1,"featured_media":0,"parent":3186,"menu_order":0,"comment_status":"closed","ping_status":"closed","template":"","meta":{"footnotes":""},"class_list":["post-133","page","type-page","status-publish","hentry"],"yoast_head":"<!-- This site is optimized with the Yoast SEO plugin v27.5 - https:\/\/yoast.com\/product\/yoast-seo-wordpress\/ -->\n<title>Fu\u00dfball - Herzlich Willkommen<\/title>\n<meta name=\"robots\" content=\"index, follow, max-snippet:-1, max-image-preview:large, max-video-preview:-1\" \/>\n<link rel=\"canonical\" href=\"https:\/\/www.concordia-beuren.de\/index.php\/abteilungen-2\/1-mannschaft\/\" \/>\n<meta property=\"og:locale\" content=\"de_DE\" \/>\n<meta property=\"og:type\" content=\"article\" \/>\n<meta property=\"og:title\" content=\"Fu\u00dfball - Herzlich Willkommen\" \/>\n<meta property=\"og:description\" content=\"Die Abteilung Fu\u00dfball ist die zahlenm\u00e4\u00dfig st\u00e4rkste unseres Sportvereins &#8222;Concordia&#8220;. Zur Zeit haben wir im M\u00e4nnerbereich 2 Mannschaften, unsere 1. Mannschaft und die &#8222;Alten Herren&#8220;. Die Alten Herren bestreiten allerdings nur Freundschaftsspiele. Im Nachwuchsbereich bilden wir seit 2017 zusammen mit den Vereinen aus Bodenrode, Reinholterode, Steinbach und Wingerode eine Jugendspielgemeinschaft. Dabei wurde die JSG 2017...\" \/>\n<meta property=\"og:url\" content=\"https:\/\/www.concordia-beuren.de\/index.php\/abteilungen-2\/1-mannschaft\/\" \/>\n<meta property=\"og:site_name\" content=\"Herzlich Willkommen\" \/>\n<meta property=\"article:publisher\" content=\"https:\/\/www.facebook.com\/concordia.beuren\/?ref=bookmarks\" \/>\n<meta property=\"article:modified_time\" content=\"2025-09-25T08:28:08+00:00\" \/>\n<meta property=\"og:image\" content=\"http:\/\/www.concordia-beuren.de\/wp-content\/uploads\/2025\/09\/Fussball.png\" \/>\n<meta name=\"twitter:card\" content=\"summary_large_image\" \/>\n<meta name=\"twitter:label1\" content=\"Gesch\u00e4tzte Lesezeit\" \/>\n\t<meta name=\"twitter:data1\" content=\"2\u00a0Minuten\" \/>\n<script type=\"application\/ld+json\" class=\"yoast-schema-graph\">{\"@context\":\"https:\\\/\\\/schema.org\",\"@graph\":[{\"@type\":\"WebPage\",\"@id\":\"https:\\\/\\\/www.concordia-beuren.de\\\/index.php\\\/abteilungen-2\\\/1-mannschaft\\\/\",\"url\":\"https:\\\/\\\/www.concordia-beuren.de\\\/index.php\\\/abteilungen-2\\\/1-mannschaft\\\/\",\"name\":\"Fu\u00dfball - Herzlich Willkommen\",\"isPartOf\":{\"@id\":\"https:\\\/\\\/www.concordia-beuren.de\\\/#website\"},\"primaryImageOfPage\":{\"@id\":\"https:\\\/\\\/www.concordia-beuren.de\\\/index.php\\\/abteilungen-2\\\/1-mannschaft\\\/#primaryimage\"},\"image\":{\"@id\":\"https:\\\/\\\/www.concordia-beuren.de\\\/index.php\\\/abteilungen-2\\\/1-mannschaft\\\/#primaryimage\"},\"thumbnailUrl\":\"http:\\\/\\\/www.concordia-beuren.de\\\/wp-content\\\/uploads\\\/2025\\\/09\\\/Fussball.png\",\"datePublished\":\"2016-05-12T21:16:10+00:00\",\"dateModified\":\"2025-09-25T08:28:08+00:00\",\"breadcrumb\":{\"@id\":\"https:\\\/\\\/www.concordia-beuren.de\\\/index.php\\\/abteilungen-2\\\/1-mannschaft\\\/#breadcrumb\"},\"inLanguage\":\"de\",\"potentialAction\":[{\"@type\":\"ReadAction\",\"target\":[\"https:\\\/\\\/www.concordia-beuren.de\\\/index.php\\\/abteilungen-2\\\/1-mannschaft\\\/\"]}]},{\"@type\":\"ImageObject\",\"inLanguage\":\"de\",\"@id\":\"https:\\\/\\\/www.concordia-beuren.de\\\/index.php\\\/abteilungen-2\\\/1-mannschaft\\\/#primaryimage\",\"url\":\"https:\\\/\\\/www.concordia-beuren.de\\\/wp-content\\\/uploads\\\/2025\\\/09\\\/Fussball.png\",\"contentUrl\":\"https:\\\/\\\/www.concordia-beuren.de\\\/wp-content\\\/uploads\\\/2025\\\/09\\\/Fussball.png\",\"width\":1024,\"height\":480},{\"@type\":\"BreadcrumbList\",\"@id\":\"https:\\\/\\\/www.concordia-beuren.de\\\/index.php\\\/abteilungen-2\\\/1-mannschaft\\\/#breadcrumb\",\"itemListElement\":[{\"@type\":\"ListItem\",\"position\":1,\"name\":\"Startseite\",\"item\":\"https:\\\/\\\/www.concordia-beuren.de\\\/\"},{\"@type\":\"ListItem\",\"position\":2,\"name\":\"Abteilungen\",\"item\":\"https:\\\/\\\/www.concordia-beuren.de\\\/index.php\\\/abteilungen-2\\\/\"},{\"@type\":\"ListItem\",\"position\":3,\"name\":\"Fu\u00dfball\"}]},{\"@type\":\"WebSite\",\"@id\":\"https:\\\/\\\/www.concordia-beuren.de\\\/#website\",\"url\":\"https:\\\/\\\/www.concordia-beuren.de\\\/\",\"name\":\"Herzlich Willkommen\",\"description\":\"\",\"publisher\":{\"@id\":\"https:\\\/\\\/www.concordia-beuren.de\\\/#organization\"},\"potentialAction\":[{\"@type\":\"SearchAction\",\"target\":{\"@type\":\"EntryPoint\",\"urlTemplate\":\"https:\\\/\\\/www.concordia-beuren.de\\\/?s={search_term_string}\"},\"query-input\":{\"@type\":\"PropertyValueSpecification\",\"valueRequired\":true,\"valueName\":\"search_term_string\"}}],\"inLanguage\":\"de\"},{\"@type\":\"Organization\",\"@id\":\"https:\\\/\\\/www.concordia-beuren.de\\\/#organization\",\"name\":\"SV Concordia Beuren\",\"url\":\"https:\\\/\\\/www.concordia-beuren.de\\\/\",\"logo\":{\"@type\":\"ImageObject\",\"inLanguage\":\"de\",\"@id\":\"https:\\\/\\\/www.concordia-beuren.de\\\/#\\\/schema\\\/logo\\\/image\\\/\",\"url\":\"http:\\\/\\\/www.concordia-beuren.de\\\/wp-content\\\/uploads\\\/2016\\\/05\\\/SV-Concordia-Beuren-Transparent-Neu.png\",\"contentUrl\":\"http:\\\/\\\/www.concordia-beuren.de\\\/wp-content\\\/uploads\\\/2016\\\/05\\\/SV-Concordia-Beuren-Transparent-Neu.png\",\"width\":585,\"height\":585,\"caption\":\"SV Concordia Beuren\"},\"image\":{\"@id\":\"https:\\\/\\\/www.concordia-beuren.de\\\/#\\\/schema\\\/logo\\\/image\\\/\"},\"sameAs\":[\"https:\\\/\\\/www.facebook.com\\\/concordia.beuren\\\/?ref=bookmarks\"]}]}<\/script>\n<!-- \/ Yoast SEO plugin. -->","yoast_head_json":{"title":"Fu\u00dfball - Herzlich Willkommen","robots":{"index":"index","follow":"follow","max-snippet":"max-snippet:-1","max-image-preview":"max-image-preview:large","max-video-preview":"max-video-preview:-1"},"canonical":"https:\/\/www.concordia-beuren.de\/index.php\/abteilungen-2\/1-mannschaft\/","og_locale":"de_DE","og_type":"article","og_title":"Fu\u00dfball - Herzlich Willkommen","og_description":"Die Abteilung Fu\u00dfball ist die zahlenm\u00e4\u00dfig st\u00e4rkste unseres Sportvereins &#8222;Concordia&#8220;. Zur Zeit haben wir im M\u00e4nnerbereich 2 Mannschaften, unsere 1. Mannschaft und die &#8222;Alten Herren&#8220;. Die Alten Herren bestreiten allerdings nur Freundschaftsspiele. Im Nachwuchsbereich bilden wir seit 2017 zusammen mit den Vereinen aus Bodenrode, Reinholterode, Steinbach und Wingerode eine Jugendspielgemeinschaft. Dabei wurde die JSG 2017...","og_url":"https:\/\/www.concordia-beuren.de\/index.php\/abteilungen-2\/1-mannschaft\/","og_site_name":"Herzlich Willkommen","article_publisher":"https:\/\/www.facebook.com\/concordia.beuren\/?ref=bookmarks","article_modified_time":"2025-09-25T08:28:08+00:00","og_image":[{"url":"http:\/\/www.concordia-beuren.de\/wp-content\/uploads\/2025\/09\/Fussball.png","type":"","width":"","height":""}],"twitter_card":"summary_large_image","twitter_misc":{"Gesch\u00e4tzte Lesezeit":"2\u00a0Minuten"},"schema":{"@context":"https:\/\/schema.org","@graph":[{"@type":"WebPage","@id":"https:\/\/www.concordia-beuren.de\/index.php\/abteilungen-2\/1-mannschaft\/","url":"https:\/\/www.concordia-beuren.de\/index.php\/abteilungen-2\/1-mannschaft\/","name":"Fu\u00dfball - Herzlich Willkommen","isPartOf":{"@id":"https:\/\/www.concordia-beuren.de\/#website"},"primaryImageOfPage":{"@id":"https:\/\/www.concordia-beuren.de\/index.php\/abteilungen-2\/1-mannschaft\/#primaryimage"},"image":{"@id":"https:\/\/www.concordia-beuren.de\/index.php\/abteilungen-2\/1-mannschaft\/#primaryimage"},"thumbnailUrl":"http:\/\/www.concordia-beuren.de\/wp-content\/uploads\/2025\/09\/Fussball.png","datePublished":"2016-05-12T21:16:10+00:00","dateModified":"2025-09-25T08:28:08+00:00","breadcrumb":{"@id":"https:\/\/www.concordia-beuren.de\/index.php\/abteilungen-2\/1-mannschaft\/#breadcrumb"},"inLanguage":"de","potentialAction":[{"@type":"ReadAction","target":["https:\/\/www.concordia-beuren.de\/index.php\/abteilungen-2\/1-mannschaft\/"]}]},{"@type":"ImageObject","inLanguage":"de","@id":"https:\/\/www.concordia-beuren.de\/index.php\/abteilungen-2\/1-mannschaft\/#primaryimage","url":"https:\/\/www.concordia-beuren.de\/wp-content\/uploads\/2025\/09\/Fussball.png","contentUrl":"https:\/\/www.concordia-beuren.de\/wp-content\/uploads\/2025\/09\/Fussball.png","width":1024,"height":480},{"@type":"BreadcrumbList","@id":"https:\/\/www.concordia-beuren.de\/index.php\/abteilungen-2\/1-mannschaft\/#breadcrumb","itemListElement":[{"@type":"ListItem","position":1,"name":"Startseite","item":"https:\/\/www.concordia-beuren.de\/"},{"@type":"ListItem","position":2,"name":"Abteilungen","item":"https:\/\/www.concordia-beuren.de\/index.php\/abteilungen-2\/"},{"@type":"ListItem","position":3,"name":"Fu\u00dfball"}]},{"@type":"WebSite","@id":"https:\/\/www.concordia-beuren.de\/#website","url":"https:\/\/www.concordia-beuren.de\/","name":"Herzlich Willkommen","description":"","publisher":{"@id":"https:\/\/www.concordia-beuren.de\/#organization"},"potentialAction":[{"@type":"SearchAction","target":{"@type":"EntryPoint","urlTemplate":"https:\/\/www.concordia-beuren.de\/?s={search_term_string}"},"query-input":{"@type":"PropertyValueSpecification","valueRequired":true,"valueName":"search_term_string"}}],"inLanguage":"de"},{"@type":"Organization","@id":"https:\/\/www.concordia-beuren.de\/#organization","name":"SV Concordia Beuren","url":"https:\/\/www.concordia-beuren.de\/","logo":{"@type":"ImageObject","inLanguage":"de","@id":"https:\/\/www.concordia-beuren.de\/#\/schema\/logo\/image\/","url":"http:\/\/www.concordia-beuren.de\/wp-content\/uploads\/2016\/05\/SV-Concordia-Beuren-Transparent-Neu.png","contentUrl":"http:\/\/www.concordia-beuren.de\/wp-content\/uploads\/2016\/05\/SV-Concordia-Beuren-Transparent-Neu.png","width":585,"height":585,"caption":"SV Concordia Beuren"},"image":{"@id":"https:\/\/www.concordia-beuren.de\/#\/schema\/logo\/image\/"},"sameAs":["https:\/\/www.facebook.com\/concordia.beuren\/?ref=bookmarks"]}]}},"_links":{"self":[{"href":"https:\/\/www.concordia-beuren.de\/index.php\/wp-json\/wp\/v2\/pages\/133","targetHints":{"allow":["GET"]}}],"collection":[{"href":"https:\/\/www.concordia-beuren.de\/index.php\/wp-json\/wp\/v2\/pages"}],"about":[{"href":"https:\/\/www.concordia-beuren.de\/index.php\/wp-json\/wp\/v2\/types\/page"}],"author":[{"embeddable":true,"href":"https:\/\/www.concordia-beuren.de\/index.php\/wp-json\/wp\/v2\/users\/1"}],"replies":[{"embeddable":true,"href":"https:\/\/www.concordia-beuren.de\/index.php\/wp-json\/wp\/v2\/comments?post=133"}],"version-history":[{"count":80,"href":"https:\/\/www.concordia-beuren.de\/index.php\/wp-json\/wp\/v2\/pages\/133\/revisions"}],"predecessor-version":[{"id":3747,"href":"https:\/\/www.concordia-beuren.de\/index.php\/wp-json\/wp\/v2\/pages\/133\/revisions\/3747"}],"up":[{"embeddable":true,"href":"https:\/\/www.concordia-beuren.de\/index.php\/wp-json\/wp\/v2\/pages\/3186"}],"wp:attachment":[{"href":"https:\/\/www.concordia-beuren.de\/index.php\/wp-json\/wp\/v2\/media?parent=133"}],"curies":[{"name":"wp","href":"https:\/\/api.w.org\/{rel}","templated":true}]}}