{"id":322,"date":"2016-05-30T16:34:11","date_gmt":"2016-05-30T14:34:11","guid":{"rendered":"http:\/\/localhost\/wordpress\/?page_id=322"},"modified":"2025-04-02T18:31:31","modified_gmt":"2025-04-02T16:31:31","slug":"links","status":"publish","type":"page","link":"https:\/\/www.concordia-beuren.de\/index.php\/info\/links\/","title":{"rendered":"Links"},"content":{"rendered":"\n<hr class=\"wp-block-separator has-alpha-channel-opacity\"\/>\n\n\n\n<p class=\"has-medium-font-size\"><span style=\"font-family: 'Arial Black', 'Avant Garde'; font-size: 12pt;\">An dieser Stelle mochten wir noch auf ein paar interessante Seiten zu unterschiedlichen Themen verweisen.<br><\/span><\/p>\n\n\n\n<hr class=\"wp-block-separator has-alpha-channel-opacity\"\/>\n\n\n\n<div style=\"height:60px\" aria-hidden=\"true\" class=\"wp-block-spacer\"><\/div>\n\n\n\n<p class=\"has-medium-font-size\"><span style=\"font-family: 'Arial Black', 'Avant Garde'; font-size: 12pt;\">Sport allgemein:<\/span><\/p>\n\n\n\n<ul class=\"wp-block-list\">\n<li class=\"has-medium-font-size\"><span style=\"text-decoration: underline;\"><a href=\"http:\/\/www.thueringen-sport.de\/\" target=\"_blank\" rel=\"noopener\">Th\u00fcringer Landessportbund<\/a><\/span><\/li>\n<\/ul>\n\n\n\n<div style=\"height:60px\" aria-hidden=\"true\" class=\"wp-block-spacer\"><\/div>\n\n\n\n<p class=\"has-medium-font-size\"><span style=\"font-family: 'Arial Black', 'Avant Garde'; font-size: 12pt;\">Fu\u00dfball:<\/span><\/p>\n\n\n\n<ul class=\"wp-block-list\">\n<li class=\"has-medium-font-size\"><span style=\"text-decoration: underline;\"><a href=\"http:\/\/www.fussball.de\/verein\/sv-concordia-beuren-thueringen\/-\/id\/00ES8GNC5C00009BVV0AG08LVUPGND5I#!\/section\/stage\" target=\"_blank\" rel=\"noopener\">Fu\u00dfball.de<\/a><\/span><\/li>\n<\/ul>\n\n\n\n<div style=\"height:60px\" aria-hidden=\"true\" class=\"wp-block-spacer\"><\/div>\n\n\n\n<p class=\"has-medium-font-size\"><span style=\"font-family: 'Arial Black', 'Avant Garde'; font-size: 12pt;\">Laufen\/Walken:&nbsp;<\/span><\/p>\n\n\n\n<ul class=\"wp-block-list\">\n<li class=\"has-medium-font-size\"><span style=\"text-decoration: underline;\"><a href=\"http:\/\/www.hucke-timing.de\/\" target=\"_blank\" rel=\"noopener\">Hucke Timing<\/a><\/span><\/li>\n\n\n\n<li class=\"has-medium-font-size\"><span style=\"text-decoration: underline;\"><a href=\"http:\/\/www.laufkalender24.de\/de\/details\/154268-82.-Rund-um-den-Scharfenstein.html\" target=\"_blank\" rel=\"noopener\">Laufkalender24<\/a><\/span><\/li>\n\n\n\n<li class=\"has-medium-font-size\" style=\"font-style:normal;font-weight:500;text-decoration:underline\"><a href=\"https:\/\/www.eichsfeld-cup.de\/\" target=\"_blank\" rel=\"noreferrer noopener\">https:\/\/www.eichsfeld-cup.de\/<\/a><\/li>\n<\/ul>\n\n\n\n<div style=\"height:60px\" aria-hidden=\"true\" class=\"wp-block-spacer\"><\/div>\n\n\n\n<p class=\"has-medium-font-size\"><span style=\"font-family: 'Arial Black', 'Avant Garde'; font-size: 12pt;\">Tischtennis:<\/span><\/p>\n\n\n\n<ul class=\"wp-block-list has-medium-font-size\">\n<li class=\"has-medium-font-size\" style=\"font-style:normal;font-weight:500;text-decoration:underline\"><a href=\"http:\/\/tttv.click-tt.de\/cgi-bin\/WebObjects\/nuLigaTTDE.woa\/wa\/leaguePage?championship=Eichsfeld+16%2F17\" target=\"_blank\" rel=\"noopener\">tttv.click-tt.de<\/a><\/li>\n<\/ul>\n\n\n\n<div style=\"height:60px\" aria-hidden=\"true\" class=\"wp-block-spacer\"><\/div>\n\n\n\n<p class=\"has-medium-font-size\"><span style=\"font-family: 'Arial Black', 'Avant Garde'; font-size: 12pt;\">Sonstiges:<\/span><\/p>\n\n\n\n<ul class=\"wp-block-list\">\n<li class=\"has-medium-font-size\"><span style=\"text-decoration: underline;\"><a href=\"http:\/\/www.fw-beuren.de\/\" target=\"_blank\" rel=\"noopener\">Freiwillige Feuerwehr Beuren<\/a><\/span><\/li>\n\n\n\n<li class=\"has-medium-font-size\"><span style=\"text-decoration: underline;\"><a href=\"https:\/\/kirmesburschen-beuren.de\/\" target=\"_blank\" rel=\"noopener\">Kirmesburschen Beuren<\/a><\/span><\/li>\n<\/ul>\n\n\n\n<div style=\"height:60px\" aria-hidden=\"true\" class=\"wp-block-spacer\"><\/div>\n\n\n\n<hr class=\"wp-block-separator has-alpha-channel-opacity\"\/>\n\n\n\n<p class=\"has-medium-font-size\"><span style=\"font-family: 'Arial Black', 'Avant Garde'; font-size: 12pt;\">Mit allen Links identifiziert sich der Sportverein nur im Moment der &#8222;Verlinkung&#8220;. F\u00fcr die Inhalte dieser Seiten und eine sp\u00e4tere \u00c4nderung \u00fcbernehmen wir keine Haftung. Sollten verlinkte Seiten nicht dem deutschen Recht entsprechen, distanzieren wir uns von den dargestellten Inhalten. <\/span><\/p>\n\n\n\n<p class=\"has-medium-font-size\"><span style=\"font-family: 'Arial Black', 'Avant Garde'; font-size: 12pt;\">Sollten fehlerhafte Links oder andere inhaltliche sowie konzeptionelle Fehler entdecken, w\u00e4ren wir \u00fcber einen entsprechenden Hinweis an den Vereinsvorsitzenden dankbar. &nbsp;<\/span><\/p>\n","protected":false},"excerpt":{"rendered":"<p>An dieser Stelle mochten wir noch auf ein paar interessante Seiten zu unterschiedlichen Themen verweisen. Sport allgemein: Fu\u00dfball: Laufen\/Walken:&nbsp; Tischtennis: Sonstiges: Mit allen Links identifiziert sich der Sportverein nur im Moment der &#8222;Verlinkung&#8220;. F\u00fcr die Inhalte dieser Seiten und eine sp\u00e4tere \u00c4nderung \u00fcbernehmen wir keine Haftung. Sollten verlinkte Seiten nicht dem deutschen Recht entsprechen, distanzieren&#8230;<\/p>\n","protected":false},"author":1,"featured_media":0,"parent":108,"menu_order":0,"comment_status":"closed","ping_status":"closed","template":"","meta":{"footnotes":""},"class_list":["post-322","page","type-page","status-publish","hentry"],"yoast_head":"<!-- This site is optimized with the Yoast SEO plugin v27.5 - https:\/\/yoast.com\/product\/yoast-seo-wordpress\/ -->\n<title>Links - Herzlich Willkommen<\/title>\n<meta name=\"robots\" content=\"index, follow, max-snippet:-1, max-image-preview:large, max-video-preview:-1\" \/>\n<link rel=\"canonical\" href=\"https:\/\/www.concordia-beuren.de\/index.php\/info\/links\/\" \/>\n<meta property=\"og:locale\" content=\"de_DE\" \/>\n<meta property=\"og:type\" content=\"article\" \/>\n<meta property=\"og:title\" content=\"Links - Herzlich Willkommen\" \/>\n<meta property=\"og:description\" content=\"An dieser Stelle mochten wir noch auf ein paar interessante Seiten zu unterschiedlichen Themen verweisen. Sport allgemein: Fu\u00dfball: Laufen\/Walken:&nbsp; Tischtennis: Sonstiges: Mit allen Links identifiziert sich der Sportverein nur im Moment der &#8222;Verlinkung&#8220;. F\u00fcr die Inhalte dieser Seiten und eine sp\u00e4tere \u00c4nderung \u00fcbernehmen wir keine Haftung. Sollten verlinkte Seiten nicht dem deutschen Recht entsprechen, distanzieren...\" \/>\n<meta property=\"og:url\" content=\"https:\/\/www.concordia-beuren.de\/index.php\/info\/links\/\" \/>\n<meta property=\"og:site_name\" content=\"Herzlich Willkommen\" \/>\n<meta property=\"article:publisher\" content=\"https:\/\/www.facebook.com\/concordia.beuren\/?ref=bookmarks\" \/>\n<meta property=\"article:modified_time\" content=\"2025-04-02T16:31:31+00:00\" \/>\n<meta name=\"twitter:card\" content=\"summary_large_image\" \/>\n<meta name=\"twitter:label1\" content=\"Gesch\u00e4tzte Lesezeit\" \/>\n\t<meta name=\"twitter:data1\" content=\"1\u00a0Minute\" \/>\n<script type=\"application\/ld+json\" class=\"yoast-schema-graph\">{\"@context\":\"https:\\\/\\\/schema.org\",\"@graph\":[{\"@type\":\"WebPage\",\"@id\":\"https:\\\/\\\/www.concordia-beuren.de\\\/index.php\\\/info\\\/links\\\/\",\"url\":\"https:\\\/\\\/www.concordia-beuren.de\\\/index.php\\\/info\\\/links\\\/\",\"name\":\"Links - Herzlich Willkommen\",\"isPartOf\":{\"@id\":\"https:\\\/\\\/www.concordia-beuren.de\\\/#website\"},\"datePublished\":\"2016-05-30T14:34:11+00:00\",\"dateModified\":\"2025-04-02T16:31:31+00:00\",\"breadcrumb\":{\"@id\":\"https:\\\/\\\/www.concordia-beuren.de\\\/index.php\\\/info\\\/links\\\/#breadcrumb\"},\"inLanguage\":\"de\",\"potentialAction\":[{\"@type\":\"ReadAction\",\"target\":[\"https:\\\/\\\/www.concordia-beuren.de\\\/index.php\\\/info\\\/links\\\/\"]}]},{\"@type\":\"BreadcrumbList\",\"@id\":\"https:\\\/\\\/www.concordia-beuren.de\\\/index.php\\\/info\\\/links\\\/#breadcrumb\",\"itemListElement\":[{\"@type\":\"ListItem\",\"position\":1,\"name\":\"Startseite\",\"item\":\"https:\\\/\\\/www.concordia-beuren.de\\\/\"},{\"@type\":\"ListItem\",\"position\":2,\"name\":\"Info\",\"item\":\"http:\\\/\\\/www.concordia-beuren.de\\\/index.php\\\/info\\\/\"},{\"@type\":\"ListItem\",\"position\":3,\"name\":\"Links\"}]},{\"@type\":\"WebSite\",\"@id\":\"https:\\\/\\\/www.concordia-beuren.de\\\/#website\",\"url\":\"https:\\\/\\\/www.concordia-beuren.de\\\/\",\"name\":\"Herzlich Willkommen\",\"description\":\"\",\"publisher\":{\"@id\":\"https:\\\/\\\/www.concordia-beuren.de\\\/#organization\"},\"potentialAction\":[{\"@type\":\"SearchAction\",\"target\":{\"@type\":\"EntryPoint\",\"urlTemplate\":\"https:\\\/\\\/www.concordia-beuren.de\\\/?s={search_term_string}\"},\"query-input\":{\"@type\":\"PropertyValueSpecification\",\"valueRequired\":true,\"valueName\":\"search_term_string\"}}],\"inLanguage\":\"de\"},{\"@type\":\"Organization\",\"@id\":\"https:\\\/\\\/www.concordia-beuren.de\\\/#organization\",\"name\":\"SV Concordia Beuren\",\"url\":\"https:\\\/\\\/www.concordia-beuren.de\\\/\",\"logo\":{\"@type\":\"ImageObject\",\"inLanguage\":\"de\",\"@id\":\"https:\\\/\\\/www.concordia-beuren.de\\\/#\\\/schema\\\/logo\\\/image\\\/\",\"url\":\"http:\\\/\\\/www.concordia-beuren.de\\\/wp-content\\\/uploads\\\/2016\\\/05\\\/SV-Concordia-Beuren-Transparent-Neu.png\",\"contentUrl\":\"http:\\\/\\\/www.concordia-beuren.de\\\/wp-content\\\/uploads\\\/2016\\\/05\\\/SV-Concordia-Beuren-Transparent-Neu.png\",\"width\":585,\"height\":585,\"caption\":\"SV Concordia Beuren\"},\"image\":{\"@id\":\"https:\\\/\\\/www.concordia-beuren.de\\\/#\\\/schema\\\/logo\\\/image\\\/\"},\"sameAs\":[\"https:\\\/\\\/www.facebook.com\\\/concordia.beuren\\\/?ref=bookmarks\"]}]}<\/script>\n<!-- \/ Yoast SEO plugin. -->","yoast_head_json":{"title":"Links - Herzlich Willkommen","robots":{"index":"index","follow":"follow","max-snippet":"max-snippet:-1","max-image-preview":"max-image-preview:large","max-video-preview":"max-video-preview:-1"},"canonical":"https:\/\/www.concordia-beuren.de\/index.php\/info\/links\/","og_locale":"de_DE","og_type":"article","og_title":"Links - Herzlich Willkommen","og_description":"An dieser Stelle mochten wir noch auf ein paar interessante Seiten zu unterschiedlichen Themen verweisen. Sport allgemein: Fu\u00dfball: Laufen\/Walken:&nbsp; Tischtennis: Sonstiges: Mit allen Links identifiziert sich der Sportverein nur im Moment der &#8222;Verlinkung&#8220;. F\u00fcr die Inhalte dieser Seiten und eine sp\u00e4tere \u00c4nderung \u00fcbernehmen wir keine Haftung. Sollten verlinkte Seiten nicht dem deutschen Recht entsprechen, distanzieren...","og_url":"https:\/\/www.concordia-beuren.de\/index.php\/info\/links\/","og_site_name":"Herzlich Willkommen","article_publisher":"https:\/\/www.facebook.com\/concordia.beuren\/?ref=bookmarks","article_modified_time":"2025-04-02T16:31:31+00:00","twitter_card":"summary_large_image","twitter_misc":{"Gesch\u00e4tzte Lesezeit":"1\u00a0Minute"},"schema":{"@context":"https:\/\/schema.org","@graph":[{"@type":"WebPage","@id":"https:\/\/www.concordia-beuren.de\/index.php\/info\/links\/","url":"https:\/\/www.concordia-beuren.de\/index.php\/info\/links\/","name":"Links - Herzlich Willkommen","isPartOf":{"@id":"https:\/\/www.concordia-beuren.de\/#website"},"datePublished":"2016-05-30T14:34:11+00:00","dateModified":"2025-04-02T16:31:31+00:00","breadcrumb":{"@id":"https:\/\/www.concordia-beuren.de\/index.php\/info\/links\/#breadcrumb"},"inLanguage":"de","potentialAction":[{"@type":"ReadAction","target":["https:\/\/www.concordia-beuren.de\/index.php\/info\/links\/"]}]},{"@type":"BreadcrumbList","@id":"https:\/\/www.concordia-beuren.de\/index.php\/info\/links\/#breadcrumb","itemListElement":[{"@type":"ListItem","position":1,"name":"Startseite","item":"https:\/\/www.concordia-beuren.de\/"},{"@type":"ListItem","position":2,"name":"Info","item":"http:\/\/www.concordia-beuren.de\/index.php\/info\/"},{"@type":"ListItem","position":3,"name":"Links"}]},{"@type":"WebSite","@id":"https:\/\/www.concordia-beuren.de\/#website","url":"https:\/\/www.concordia-beuren.de\/","name":"Herzlich Willkommen","description":"","publisher":{"@id":"https:\/\/www.concordia-beuren.de\/#organization"},"potentialAction":[{"@type":"SearchAction","target":{"@type":"EntryPoint","urlTemplate":"https:\/\/www.concordia-beuren.de\/?s={search_term_string}"},"query-input":{"@type":"PropertyValueSpecification","valueRequired":true,"valueName":"search_term_string"}}],"inLanguage":"de"},{"@type":"Organization","@id":"https:\/\/www.concordia-beuren.de\/#organization","name":"SV Concordia Beuren","url":"https:\/\/www.concordia-beuren.de\/","logo":{"@type":"ImageObject","inLanguage":"de","@id":"https:\/\/www.concordia-beuren.de\/#\/schema\/logo\/image\/","url":"http:\/\/www.concordia-beuren.de\/wp-content\/uploads\/2016\/05\/SV-Concordia-Beuren-Transparent-Neu.png","contentUrl":"http:\/\/www.concordia-beuren.de\/wp-content\/uploads\/2016\/05\/SV-Concordia-Beuren-Transparent-Neu.png","width":585,"height":585,"caption":"SV Concordia Beuren"},"image":{"@id":"https:\/\/www.concordia-beuren.de\/#\/schema\/logo\/image\/"},"sameAs":["https:\/\/www.facebook.com\/concordia.beuren\/?ref=bookmarks"]}]}},"_links":{"self":[{"href":"https:\/\/www.concordia-beuren.de\/index.php\/wp-json\/wp\/v2\/pages\/322","targetHints":{"allow":["GET"]}}],"collection":[{"href":"https:\/\/www.concordia-beuren.de\/index.php\/wp-json\/wp\/v2\/pages"}],"about":[{"href":"https:\/\/www.concordia-beuren.de\/index.php\/wp-json\/wp\/v2\/types\/page"}],"author":[{"embeddable":true,"href":"https:\/\/www.concordia-beuren.de\/index.php\/wp-json\/wp\/v2\/users\/1"}],"replies":[{"embeddable":true,"href":"https:\/\/www.concordia-beuren.de\/index.php\/wp-json\/wp\/v2\/comments?post=322"}],"version-history":[{"count":24,"href":"https:\/\/www.concordia-beuren.de\/index.php\/wp-json\/wp\/v2\/pages\/322\/revisions"}],"predecessor-version":[{"id":3568,"href":"https:\/\/www.concordia-beuren.de\/index.php\/wp-json\/wp\/v2\/pages\/322\/revisions\/3568"}],"up":[{"embeddable":true,"href":"https:\/\/www.concordia-beuren.de\/index.php\/wp-json\/wp\/v2\/pages\/108"}],"wp:attachment":[{"href":"https:\/\/www.concordia-beuren.de\/index.php\/wp-json\/wp\/v2\/media?parent=322"}],"curies":[{"name":"wp","href":"https:\/\/api.w.org\/{rel}","templated":true}]}}